{"id":2745,"date":"2020-09-10T13:34:07","date_gmt":"2020-09-10T13:34:07","guid":{"rendered":"http:\/\/architettoveronesi.it\/?page_id=2745"},"modified":"2020-09-10T14:53:09","modified_gmt":"2020-09-10T14:53:09","slug":"cookies-policy","status":"publish","type":"page","link":"https:\/\/architettoveronesi.it\/it\/cookies-policy\/","title":{"rendered":"Cookies Policy"},"content":{"rendered":"<p>La presente policy sui Cookies (\u201cCookies Privacy Policy\u201d) deve essere letta insieme all\u2019informativa privacy\u00a0consultabile all\u2019indirizzo internet <a href=\"https:\/\/architettoveronesi.it\/informativa-privacy\/\">https:\/\/architettoveronesi.it\/informativa-privacy\/<\/a><\/p>\n<p>Detta Cookies Privacy Policy ha come finalit\u00e0 quella di descrivere le varie tipologie di Cookies e le tecnologie usate sul sito web di <strong>Architetto Barbara Veronesi<\/strong> per descrivere le modalit\u00e0 e le condizioni di utilizzo degli stessi.<\/p>\n<p><strong>Cosa sono i Cookies<\/strong><\/p>\n<p>I Cookies sono dei piccoli file di testo che i siti visitati dall\u2019utente inviano al dispositivo (solitamente al browser), essi vengono memorizzati nella corrispondente cartella del browser mentre l\u2019utente \u00e8 intento a visitare un sito web, per essere poi ritrasmessi agli stessi siti alla visite successive. Vengono utilizzati con lo scopo di migliorare la navigazione, (il protocollo http \u00e8 stateless e non riesce a \u201cricordare\u201d l\u2019utente autenticato che sfoglia le pagine), salvare delle preferenze utente gi\u00e0 inserite (username, password ecc), tracciare i gusti e le preferenze dell\u2019utente permettendo di poter gestire la presenza o meno di iniziative di marketing mirate o l\u2019erogazione di servizi connessi all\u2019attivit\u00e0 del Titolare come newsletter, dem ecc. Qualora venissero poste delle limitazioni al loro utilizzo questo avr\u00e0 sicuramente effetti sullo stato dell\u2019utente durante la consultazione. Blocco o rimozione di essi della cache del browser, potrebbe causare una incompleta fruizione dei servizi offerti dall\u2019applicativo web.<\/p>\n<p><strong>Tipologie di Cookies<\/strong><br \/>\nI Cookies di sessione sono Cookies temporanei, che si limitano ad \u201cesistere\u201d per tutta la durata della sessione d\u2019uso dell\u2019utente. Quando viene chiuso il browser, i Cookies di sessione scadono. Questi sono in genere utilizzati per identificare gli utenti quando accedono ad un sito, per ricordare l\u2019utente e le sue preferenze nel passaggio fra le pagine del sito, per fornirgli informazioni specifiche raccolte in precedenza. L\u2019esempio pi\u00f9 comune di questa funzionalit\u00e0 \u00e8 la funzionalit\u00e0 del carrello di un sito di e-commerce. Per esempio, quando si visita una pagina di un catalogo e di selezione di alcune voci, il cookie di sessione ricorda la selezione in modo che in un carrello di spesa virtuale, gli elementi rimangano selezionati quando si \u00e8 pronti per l\u2019operazione di checkout. Senza di Cookie di sessione, se l\u2019utente facesse click su checkout, la nuova pagina non potrebbe riconosce le attivit\u00e0 passate nelle pagine precedenti e il carrello resterebbe sempre vuoto.<\/p>\n<p>I Cookies persistenti rimangono attivi anche dopo la chiusura del browser e aiutano siti a ricordare dati e le impostazioni utente per una successiva consultazione. Questo permette un accesso pi\u00f9 veloce e pi\u00f9 conveniente in termini di tempo dal momento che, non \u00e8 necessario effettuare nuovamente l\u2019accesso. Oltre ad autenticazione, altre funzionalit\u00e0 del sito web sono rese possibili e comprendono: la selezione della lingua, la selezione del tema, le preferenze del menu, i segnalibri o preferiti, e molti altri. Durante la visita l\u2019utente seleziona le proprie preferenze ed esse saranno ricordate attraverso l\u2019uso del Cookie persistente durante la visita successiva.<\/p>\n<p><strong>Cookies di terze parti<\/strong><br \/>\nEsistono varie tipologie di Cookies, alcuni di essi vengono definiti di terze parti. Essi sono utilizzati, ad esempio, da parte del sito che per primo il visitatore ha scelto e che contiene annunci provenienti da un altro server o sito web di terza parte. Operativamente il browser raccoglie le informazioni alimentate da fonti differenti in modo che tutti gli elementi vengano visualizzati sulla stessa pagina creando cos\u00ec un Cookie nella cartella del browser corrispondente. Tutti questi Cookies possono essere rimossi direttamente dalle impostazioni browser oppure \u00e8 possibile bloccarne la creazione In quest\u2019ultimo caso alcuni servizi del sito potrebbero non funzionare come previsto e potrebbe non essere possibile accedere o addirittura non avendo pi\u00f9 il Cookie associato perdere le preferenze dell\u2019utente, in questo modo le informazioni verrebbero visualizzate nella forma locale sbagliata o potrebbero non essere disponibili.<\/p>\n<p>Web Beacon: detti anche \u201ctracking pixel\u201d, \u201cgif 1\u00d71\u201d, \u201cgif a pixel singolo\u201d, \u201cpixel tag\u201d o \u201caction tag\u201dsono delle immagini grafiche, che in genere non superano le dimensioni di 1 pixel x 1 pixel che vengono utilizzate con lo scopo di raccogliere informazioni anonime sulle modalit\u00e0 di utilizzo di un sito ad opera degli utenti e per offrire contenuti personalizzati. Permettono inoltre di identificare i tipi di browser, le parole inserite nei motori di ricerca dai visitatori usate per raggiungere il sito. I Web Beacon presenti nelle comunicazioni e-mail e consentono di sapere se un utente ha ricevuto, aperto o cliccato a dei collegamenti forniti con la e-mail ricevuta.<\/p>\n<p><strong>Cookies Flash <\/strong>o Local shared objects (LSOs) : i siti web possono utilizzare dei contenuti Flash, esposti nelle loro pagine, per memorizzare alcune informazioni sul dispositivo. Come per i Cookies HTTP, oggetti condivisi locali possono essere utilizzati dai siti web per raccogliere informazioni sui percorsi intrapresi dagli internauti in merito alla navigazione fra i siti web. Le banche online, gli inserzionisti possono utilizzare oggetti locali condivisi per scopi di monitoraggio.<\/p>\n<p><strong>Functionally Cookies <\/strong>sono marcatori che ricordano scelte dell\u2019utente e quindi automatizzano alcune procedure o permettono di personalizzazione l\u2019esperienza utente (es. permettono di non far apparire banner pubblicitari in overlay). Google Analytics \u00e8 un servizio offerto da Google che genera statistiche sul traffico di un sito web e le sorgenti di traffico. \u00c8 il servizio di statistiche pi\u00f9 utilizzato. \u00c8 possibile accedere all\u2019informativa all\u2019indirizzo: http:\/\/www.google.it\/analytics\/learn\/privacy.html.<\/p>\n<p><strong>Privacy e sicurezza sui Cookies<\/strong><br \/>\nI Cookies non sono virus, sono solo file di testo che non vengono n\u00e9 interpretati dal browser n\u00e9 eseguiti in memoria. Di conseguenza, non possono duplicarsi, diffondersi in altre reti per essere replicati di nuovo. Poich\u00e9 non possono svolgere queste funzioni, non rientrano nella definizione standard di virus. I Cookies per\u00f2 possono essere usati per scopi dannosi. Dal momento che grazie ad essi vengono memorizzate informazioni sulle preferenze, la storia delle azioni di un utente, la navigazione specifica tra pi\u00f9 siti, i Cookies possono essere utilizzati per agire come una forma di spyware. Molti prodotti anti-spyware sono ben consapevoli di questo problema e di routine segnalano i Cookies come possibili minacce.<br \/>\nPer quanto riguarda i Flash Cookies, Adobe non fornisce direttamente uno strumento per personalizzare le impostazioni di Flash Player connesse alla gestione di essi.<\/p>\n<p>Per accedere alle varie regolazioni offerte \u00e8 invece necessario accedere ad una qualsiasi pagina web<br \/>\n<strong>Facebook:<\/strong> <a href=\"https:\/\/www.facebook.com\/help\/cookies\/\">https:\/\/www.facebook.com\/help\/cookies\/<\/a><br \/>\n<strong>Twitter:<\/strong> <a href=\"https:\/\/support.twitter.com\/articles\/20170514\">https:\/\/support.twitter.com\/articles\/20170514<\/a><br \/>\n<strong>Google+:<\/strong> <a href=\"http:\/\/www.google.it\/intl\/it\/policies\/technologies\/cookies\/\">http:\/\/www.google.it\/intl\/it\/policies\/technologies\/cookies\/<\/a><br \/>\n<strong>Instagram:<\/strong> <a href=\"https:\/\/www.instagram.com\/about\/legal\/privacy\/\">https:\/\/www.instagram.com\/about\/legal\/privacy\/<\/a><\/p>\n<p>&nbsp;<\/p>\n<p>Utilizzando il sito di <strong>Architetto Barbara Veronesi<\/strong><strong><em>, <\/em><\/strong><a href=\"https:\/\/architettoveronesi.it\/\">https:\/\/architettoveronesi.it\/<\/a> l\u2019utente accetta l\u2019utilizzo dei Cookie.<\/p>\n<p>Opzioni circa l\u2019uso dei cookie da parte del sito mediante l\u2019impostazione del browser l\u2019erogazione di tutti i cookie, sia di prime che di terze parti, \u00e8 disattivabile intervenendo sulle impostazioni del browser in uso; \u00e8 bene notare per\u00f2 che questo potrebbe rendere inutilizzabili i siti qualora si bloccassero i cookie indispensabili per l\u2019erogazione delle funzionalit\u00e0.<\/p>\n<p>Ogni browser dispone di impostazioni diverse per la disattivazione dei cookie; di seguito proponiamo i collegamenti alle istruzioni per i browser pi\u00f9 comuni.<\/p>\n<p><a href=\"https:\/\/support.microsoft.com\/it-it\/help\/17442\/windows-internet-explorer-delete-manage-cookies\"><strong>Microsoft Internet Explorer<\/strong><\/a><br \/>\n<a href=\"https:\/\/support.microsoft.com\/it-it\/help\/4027947\/windows-delete-cookies\"><strong>Microsoft Edge<\/strong><\/a><br \/>\n<a href=\"https:\/\/support.google.com\/accounts\/answer\/61416?co=GENIE.Platform%3DDesktop&amp;hl=it\"><strong>Google Chrome<\/strong><\/a><strong><br \/>\n<\/strong><a href=\"https:\/\/support.apple.com\/kb\/ph21411?locale=it_IT\"><strong>Apple Safari<\/strong><\/a><br \/>\n<a href=\"https:\/\/support.mozilla.org\/it\/kb\/Attivare%20e%20disattivare%20i%20cookie\"><strong>Mozilla Firefox<\/strong><\/a><br \/>\n<a href=\"http:\/\/help.opera.com\/Windows\/10.00\/it\/cookies.html\"><strong>Opera<\/strong><\/a><\/p>\n<p>Per disabilitare i cookie analitici e impedire a Google Analytics di raccogliere dati sulla tua navigazione, puoi scaricare il Componente aggiuntivo del browser per la disattivazione di Google Analytics: <a href=\"https:\/\/tools.google.com\/dlpage\/gaoptout.\">https:\/\/tools.google.com\/dlpage\/gaoptout.<\/a><\/p>\n<p>Potete rifiutarvi di usare i cookie selezionando l\u2019impostazione appropriata sul vostro browser, ma ci\u00f2 potrebbe impedirvi di utilizzare tutte le funzionalit\u00e0 di questo sito web.<\/p>\n<p><strong>Siti di terze parti.<\/strong><\/p>\n<p>I siti di terze parti a cui \u00e8 possibile accedere tramite questo sito web non sono coperti dalla presente informativa <strong>Architetto Barbara Veronesi<\/strong> declina ogni responsabilit\u00e0 in merito ad essi.<\/p>\n<p>Le categorie di cookie utilizzate e il tipo di trattamento di dati personali da parte di queste aziende sono regolati in conformit\u00e0 all\u2019informativa rese da queste aziende.<\/p>\n<p>Per le informative e per disattivare i cookie analitici di terze parti vai sul sito: <a href=\"http:\/\/www.youronlinechoices.com\/it\">www.youronlinechoices.com\/it<\/a><\/p>\n<p>Ulteriori Informazioni sui trattamenti di dati personali effettuati sul sito.<\/p>\n<p>Per le ulteriori informazioni sui trattamenti di dati personali raccolti nel presente sito effettuati da <strong>Architetto Veronesi <\/strong>consultare la nostra <u><a href=\"http:\/\/architettoveronesi.it\/informativa-privacy\/\">Informativa Privacy.<\/a><\/u><\/p>","protected":false},"excerpt":{"rendered":"<p>La presente policy sui Cookies (\u201cCookies Privacy Policy\u201d) deve essere letta insieme all\u2019informativa privacy\u00a0consultabile all\u2019indirizzo internet https:\/\/architettoveronesi.it\/informativa-privacy\/ Detta Cookies Privacy Policy ha come finalit\u00e0 quella di descrivere le varie tipologie di Cookies e le tecnologie usate sul sito web di Architetto Barbara Veronesi per descrivere le modalit\u00e0 e le condizioni di utilizzo degli stessi. Cosa sono i Cookies I Cookies sono dei piccoli file di testo che i siti visitati dall\u2019utente inviano al dispositivo (solitamente al browser), essi vengono memorizzati nella corrispondente cartella del browser mentre l\u2019utente \u00e8 intento a visitare un sito web, per essere poi ritrasmessi agli stessi siti alla visite successive. Vengono utilizzati con lo scopo di migliorare la navigazione, (il protocollo http \u00e8 stateless e non riesce a \u201cricordare\u201d l\u2019utente autenticato che sfoglia le pagine), salvare delle preferenze utente gi\u00e0 inserite (username, password ecc), tracciare i gusti e le preferenze dell\u2019utente permettendo di poter gestire la presenza o meno di iniziative di marketing mirate o l\u2019erogazione di servizi connessi all\u2019attivit\u00e0 del Titolare come newsletter, dem ecc. Qualora venissero poste delle limitazioni al loro utilizzo questo avr\u00e0 sicuramente effetti sullo stato dell\u2019utente durante la consultazione. Blocco o rimozione di essi della cache del browser, potrebbe causare una [&hellip;]<\/p>\n","protected":false},"author":1,"featured_media":0,"parent":0,"menu_order":0,"comment_status":"closed","ping_status":"closed","template":"","meta":{"footnotes":""},"_links":{"self":[{"href":"https:\/\/architettoveronesi.it\/it\/wp-json\/wp\/v2\/pages\/2745"}],"collection":[{"href":"https:\/\/architettoveronesi.it\/it\/wp-json\/wp\/v2\/pages"}],"about":[{"href":"https:\/\/architettoveronesi.it\/it\/wp-json\/wp\/v2\/types\/page"}],"author":[{"embeddable":true,"href":"https:\/\/architettoveronesi.it\/it\/wp-json\/wp\/v2\/users\/1"}],"replies":[{"embeddable":true,"href":"https:\/\/architettoveronesi.it\/it\/wp-json\/wp\/v2\/comments?post=2745"}],"version-history":[{"count":4,"href":"https:\/\/architettoveronesi.it\/it\/wp-json\/wp\/v2\/pages\/2745\/revisions"}],"predecessor-version":[{"id":2751,"href":"https:\/\/architettoveronesi.it\/it\/wp-json\/wp\/v2\/pages\/2745\/revisions\/2751"}],"wp:attachment":[{"href":"https:\/\/architettoveronesi.it\/it\/wp-json\/wp\/v2\/media?parent=2745"}],"curies":[{"name":"wp","href":"https:\/\/api.w.org\/{rel}","templated":true}]}}