{"id":2742,"date":"2020-09-10T13:23:27","date_gmt":"2020-09-10T13:23:27","guid":{"rendered":"http:\/\/architettoveronesi.it\/?page_id=2742"},"modified":"2020-09-10T14:54:39","modified_gmt":"2020-09-10T14:54:39","slug":"privacy-policy","status":"publish","type":"page","link":"https:\/\/architettoveronesi.it\/it\/privacy-policy\/","title":{"rendered":"Privacy Policy"},"content":{"rendered":"<p><strong>La nostra politica sulla Privacy Policy\u00a0<\/strong><\/p>\n<p>In primo luogo la ringraziamo per l\u2019interesse e l\u2019attenzione che ha rivolto a ARCHITETTOVERONESI.IT.<\/p>\n<p>La informiamo che il Titolare del trattamento dei dati,\u00a0colui cio\u00e8 che prende le decisioni sulle modalit\u00e0 e sulle finalit\u00e0 del trattamento dei dati, sugli strumenti da utilizzare e sulle misure di sicurezza,\u00a0relativamente a <strong>Architetto Barbara Veronesi<\/strong> ed al suo sito web \u00e8 la societ\u00e0 sita a Brescia (BS)<\/p>\n<p>Desideriamo assicurarla anche che, nel rispetto della vigente la normativa (D.lgs. n. 196 del 30 giugno 2003, \u201cCodice in materia di protezione dei dati personali\u201d e GDPR General Data Protection Regulation- Regolamento UE 2016\/679) la nostra attivit\u00e0 si ispira alla dovuta tutela delle persone e di altri soggetti rispetto al trattamento dei dati personali, da improntarsi ai principi di correttezza, liceit\u00e0 e trasparenza e di tutela della Sua riservatezza e dei Suoi diritti.<\/p>\n<p><strong>Le nostre informazioni.<\/strong><\/p>\n<ul>\n<li>Nel rispetto di tali principi la informiamo in primo luogo sul <strong>tipo di dati e\/o informazioni personali raccolte nell\u2019ambito dell\u2019attivit\u00e0 di Architetto Barbara Veronesi<\/strong> <strong>e da questo sito in particolare.<br \/>\n<\/strong>I dati raccolti,\u00a0nell\u2019assoluta generalit\u00e0 dei casi nella prima fase sono esclusivamente quelli necessari per contattare il cliente. Ci\u00f2 avviene generalmente quando un utente si registra o stabilisce un primo contatto con <strong>Architetto Barbara Veronesi<\/strong> \u00a0per usufruire di un servizio. Anche nelle fasi successive al primo contatto, acquisisce\u00a0poche categorie di dati ed informazioni che sostanzialmente consistono in: nome, cognome, generalit\u00e0 (luogo e data di nascita, codice fiscale) e recapiti (domicilio email, telefono). La raccolta di tali dati avviene sempre a seguito dietro espressa richiesta e pertanto notiziandone l\u2019utente il quale ovviamente assume la responsabilit\u00e0 della veridicit\u00e0 e della disponibilit\u00e0 dei dati comunicati, liberando il Titolare da qualsiasi responsabilit\u00e0 verso terzi.<\/li>\n<li>In merito alle <strong>modalit\u00e0 di trattamento esse prevedono che <\/strong>il Titolare, direttamente o attraverso il responsabile, tratti i Dati Personali degli Utenti sempre adottando le opportune misure di sicurezza volte ad impedire l\u2019accesso, la divulgazione, la modifica o la distruzione non autorizzati dei Dati Personali.<br \/>\nComunque i dati raccolti vengono generalmente trattati attraverso strumenti informatici e\/o telematici, con modalit\u00e0 organizzative e con logiche strettamente correlate alle finalit\u00e0 indicate.<\/li>\n<li><strong>Soggetti che potrebbero avere accesso ai dati<\/strong> sono: oltre al titolare, taluni incaricati coinvolti nell\u2019organizzazione delle attivit\u00e0 e del sito (personale amministrativo, commerciale, marketing, legali, amministratori di sistema) ovvero soggetti esterni (come fornitori di servizi tecnici terzi, corrieri postali, hosting provider, societ\u00e0 informatiche, agenzie di comunicazione): laddove necessario essi verranno nominati anche, Responsabili del Trattamento da parte del Titolare. Ogni informazione relativa ai soggetti coinvolti nel trattamento dei datti e quindi l\u2019elenco aggiornato dei Responsabili viene fornita, dietro richiesta, dal Titolare del Trattamento.<\/li>\n<li><strong>L\u2019utilizzo dei dati e delle informazioni <\/strong>che consentono l\u2019identificazione personale \u00e8 relativo esclusivamente alle esigenze di contattare rapidamente l\u2019utente ai fini dell\u2019esecuzione dell\u2019attivit\u00e0 o fornire informazioni sulle attivit\u00e0 che Architetto Veronesi svolge. E\u2019 escluso che dati ed informazioni personali raccolte attraverso questo sito vengano cedute o rilasciate a terzi.<\/li>\n<li>Per <strong>modificare o cancellare le informazioni personali, <\/strong>in ogni momento ci si pu\u00f2 rivolgere all\u2019indirizzo <a href=\"mai&#108;&#116;&#111;&#58;&#x73;&#x74;&#x75;&#x64;&#x69;&#x6f;&#x40;arc&#104;&#105;&#116;&#101;&#116;&#x74;&#x6f;&#x76;&#x65;&#x72;&#x6f;nesi&#46;&#105;&#116;\">&#115;&#x74;u&#x64;&#x69;&#111;&#x40;a&#x72;&#x63;&#104;&#x69;t&#x65;&#x74;&#116;&#x6f;v&#x65;&#x72;&#111;&#x6e;e&#x73;&#x69;&#46;&#x69;t<\/a><\/li>\n<\/ul>\n<p><strong>Cookies: <\/strong>consulta la nostra\u00a0<a href=\"http:\/\/architettoveronesi.it\/it\/cookies-policy\/\"><u>cookie policy<\/u><\/a><\/p>","protected":false},"excerpt":{"rendered":"<p>La nostra politica sulla Privacy Policy\u00a0 In primo luogo la ringraziamo per l\u2019interesse e l\u2019attenzione che ha rivolto a ARCHITETTOVERONESI.IT. La informiamo che il Titolare del trattamento dei dati,\u00a0colui cio\u00e8 che prende le decisioni sulle modalit\u00e0 e sulle finalit\u00e0 del trattamento dei dati, sugli strumenti da utilizzare e sulle misure di sicurezza,\u00a0relativamente a Architetto Barbara Veronesi ed al suo sito web \u00e8 la societ\u00e0 sita a Brescia (BS) Desideriamo assicurarla anche che, nel rispetto della vigente la normativa (D.lgs. n. 196 del 30 giugno 2003, \u201cCodice in materia di protezione dei dati personali\u201d e GDPR General Data Protection Regulation- Regolamento UE 2016\/679) la nostra attivit\u00e0 si ispira alla dovuta tutela delle persone e di altri soggetti rispetto al trattamento dei dati personali, da improntarsi ai principi di correttezza, liceit\u00e0 e trasparenza e di tutela della Sua riservatezza e dei Suoi diritti. Le nostre informazioni. Nel rispetto di tali principi la informiamo in primo luogo sul tipo di dati e\/o informazioni personali raccolte nell\u2019ambito dell\u2019attivit\u00e0 di Architetto Barbara Veronesi e da questo sito in particolare. I dati raccolti,\u00a0nell\u2019assoluta generalit\u00e0 dei casi nella prima fase sono esclusivamente quelli necessari per contattare il cliente. Ci\u00f2 avviene generalmente quando un utente si registra o [&hellip;]<\/p>\n","protected":false},"author":1,"featured_media":0,"parent":0,"menu_order":0,"comment_status":"closed","ping_status":"closed","template":"","meta":{"footnotes":""},"_links":{"self":[{"href":"https:\/\/architettoveronesi.it\/it\/wp-json\/wp\/v2\/pages\/2742"}],"collection":[{"href":"https:\/\/architettoveronesi.it\/it\/wp-json\/wp\/v2\/pages"}],"about":[{"href":"https:\/\/architettoveronesi.it\/it\/wp-json\/wp\/v2\/types\/page"}],"author":[{"embeddable":true,"href":"https:\/\/architettoveronesi.it\/it\/wp-json\/wp\/v2\/users\/1"}],"replies":[{"embeddable":true,"href":"https:\/\/architettoveronesi.it\/it\/wp-json\/wp\/v2\/comments?post=2742"}],"version-history":[{"count":5,"href":"https:\/\/architettoveronesi.it\/it\/wp-json\/wp\/v2\/pages\/2742\/revisions"}],"predecessor-version":[{"id":2757,"href":"https:\/\/architettoveronesi.it\/it\/wp-json\/wp\/v2\/pages\/2742\/revisions\/2757"}],"wp:attachment":[{"href":"https:\/\/architettoveronesi.it\/it\/wp-json\/wp\/v2\/media?parent=2742"}],"curies":[{"name":"wp","href":"https:\/\/api.w.org\/{rel}","templated":true}]}}